{"id":3339,"date":"2016-02-27T22:24:27","date_gmt":"2016-02-27T21:24:27","guid":{"rendered":"http:\/\/www.westbahn-united.at\/?page_id=3339"},"modified":"2017-02-21T21:46:51","modified_gmt":"2017-02-21T20:46:51","slug":"3339-2","status":"publish","type":"page","link":"http:\/\/www.westbahn-united.at\/?page_id=3339","title":{"rendered":""},"content":{"rendered":"\n<style type=\"text\/css\" data-created_by=\"avia_inline_auto\" id=\"style-css-av-av_two_third-9497bbf8bff73ea4c6992cc17fa9ec36\">\n.flex_column.av-av_two_third-9497bbf8bff73ea4c6992cc17fa9ec36{\nborder-radius:0px 0px 0px 0px;\npadding:0px 0px 0px 0px;\n}\n<\/style>\n<div  class='flex_column av-av_two_third-9497bbf8bff73ea4c6992cc17fa9ec36 av_two_third  avia-builder-el-0  el_before_av_one_third  avia-builder-el-first  first flex_column_div av-zero-column-padding  '     ><section  class='av_textblock_section av-av_textblock-0366cc7376be6c9e82a3e9cc8987b64f '   itemscope=\"itemscope\" itemtype=\"https:\/\/schema.org\/CreativeWork\" ><div class='avia_textblock'  itemprop=\"text\" ><h3><strong>Westbahn United besiegt Lokomotive Ballhausplatz mit 12:10!<\/strong><\/h3>\n<p>Das zweite L\u00e4nderspiel im Kalenderjahr 2016 wird gegen Lokomotive Ballhausplatz veranstaltet. Diesmal treten wir unsere Fahrt nach Ottakring mit dem Momentum eines klaren Siegs aus dem Herbst an. Dort empfangen uns bereits Christa und Michi, die uns trotz gemischter Bilanz treu die Daumen halten: So stellen wir uns motivierte Fans vor! Die Eckdaten zum Spiel:<\/p>\n<p>Endstand: LOK 10:12 WBU<\/p>\n<p>Nach einem Blitzstart mit vier Toren in den ersten wenigen Minuten, ein lupenreiner Hattrick von Christoph inklusive, nimmt die Lokomotive erst bei einem Spielstand von 2:5 so richtig Fahrt auf, \u00fcberrollt uns geradezu mit f\u00fcnf Gegentoren en Suite. F\u00fcr WBU ist das aber noch lange kein Grund, am Boden liegen zu bleiben: Ein Doppelpack von Moriz hilft dabei, wieder aufs Erfolgsgleis zu finden. Nachdem Manu schon getroffen hat, verhelfen Christoph mit einem weiteren Treffer und Kajetan sowie Karl mit ihren Doppelpackungen zur klaren 8:12-WBU-F\u00fchrung, die anschlie\u00dfend nicht mehr aus der Hand gegeben wird.<\/p>\n<p>Bei einem Spielstand von 10:12 geben die Gastgeber, obwohl in Ballbesitz, den Ball endg\u00fcltig ab &#8211; zu einem Ergebnis, das sie zwar besser aussehen l\u00e4sst als jenes im Herbst, zufrieden d\u00fcrften sie aber dennoch nicht sein. In der dritten Halbzeit hebt der WBU hingegen seine Kr\u00fcgerl gen\u00fcsslich in der Pizzeria &#8220;La Valletta&#8221; und darf zwischenzeitlich vom n\u00e4chsten Urlaub tr\u00e4umen, bevor Anfang M\u00e4rz wieder ordentlich trainiert wird &#8211; hoffentlich mit Martin, dessen Bein den Einsatz gegen die Lokomotive etwas l\u00e4diert davontr\u00e4gt.<\/p>\n<\/div><\/section><\/div>\n\n<style type=\"text\/css\" data-created_by=\"avia_inline_auto\" id=\"style-css-av-av_one_third-9c1d454dc06f7247226bc4e8f931daae\">\n.flex_column.av-av_one_third-9c1d454dc06f7247226bc4e8f931daae{\nborder-radius:0px 0px 0px 0px;\npadding:0px 0px 0px 0px;\n}\n<\/style>\n<div  class='flex_column av-av_one_third-9c1d454dc06f7247226bc4e8f931daae av_one_third  avia-builder-el-2  el_after_av_two_third  el_before_av_one_full  flex_column_div av-zero-column-padding  '     ><section  class='av_textblock_section av-av_textblock-0366cc7376be6c9e82a3e9cc8987b64f '   itemscope=\"itemscope\" itemtype=\"https:\/\/schema.org\/CreativeWork\" ><div class='avia_textblock'  itemprop=\"text\" ><p><strong>Aufstellung WBU:<\/strong><\/p>\n<p>Ndongala &#8211; Egger S., Schl\u00f6glhofer; Egger A., Kirchhofer &#8211; Stransky-Can, Wilkens M.; Kerber, Scharon (Kapit\u00e4n); Seidl, Thenmayer<\/p>\n<\/div><\/section><\/div>\n\n<style type=\"text\/css\" data-created_by=\"avia_inline_auto\" id=\"style-css-av-av_one_full-6126cab7d8fab8d08143dd2dacdf673c\">\n.flex_column.av-av_one_full-6126cab7d8fab8d08143dd2dacdf673c{\nborder-radius:0px 0px 0px 0px;\npadding:0px 0px 0px 0px;\n}\n<\/style>\n<div  class='flex_column av-av_one_full-6126cab7d8fab8d08143dd2dacdf673c av_one_full  avia-builder-el-4  el_after_av_one_third  avia-builder-el-last  first flex_column_div av-zero-column-padding  column-top-margin'     ><\/div>\n","protected":false},"excerpt":{"rendered":"","protected":false},"author":1,"featured_media":0,"parent":0,"menu_order":0,"comment_status":"closed","ping_status":"closed","template":"","meta":{"footnotes":""},"class_list":["post-3339","page","type-page","status-publish","hentry"],"_links":{"self":[{"href":"http:\/\/www.westbahn-united.at\/index.php?rest_route=\/wp\/v2\/pages\/3339","targetHints":{"allow":["GET"]}}],"collection":[{"href":"http:\/\/www.westbahn-united.at\/index.php?rest_route=\/wp\/v2\/pages"}],"about":[{"href":"http:\/\/www.westbahn-united.at\/index.php?rest_route=\/wp\/v2\/types\/page"}],"author":[{"embeddable":true,"href":"http:\/\/www.westbahn-united.at\/index.php?rest_route=\/wp\/v2\/users\/1"}],"replies":[{"embeddable":true,"href":"http:\/\/www.westbahn-united.at\/index.php?rest_route=%2Fwp%2Fv2%2Fcomments&post=3339"}],"version-history":[{"count":4,"href":"http:\/\/www.westbahn-united.at\/index.php?rest_route=\/wp\/v2\/pages\/3339\/revisions"}],"predecessor-version":[{"id":3649,"href":"http:\/\/www.westbahn-united.at\/index.php?rest_route=\/wp\/v2\/pages\/3339\/revisions\/3649"}],"wp:attachment":[{"href":"http:\/\/www.westbahn-united.at\/index.php?rest_route=%2Fwp%2Fv2%2Fmedia&parent=3339"}],"curies":[{"name":"wp","href":"https:\/\/api.w.org\/{rel}","templated":true}]}}