{"id":3358,"date":"2016-04-03T20:23:21","date_gmt":"2016-04-03T18:23:21","guid":{"rendered":"http:\/\/www.westbahn-united.at\/?page_id=3358"},"modified":"2016-04-03T20:39:54","modified_gmt":"2016-04-03T18:39:54","slug":"24-2-2016-gymnasium-maroltingergasse-westbahn-united-lokomotive-ballhausplatz-westbahn-united-erkampft-1210-sieg-gegen-lok-ballhausplatz","status":"publish","type":"page","link":"http:\/\/www.westbahn-united.at\/?page_id=3358","title":{"rendered":""},"content":{"rendered":"\n<style type=\"text\/css\" data-created_by=\"avia_inline_auto\" id=\"style-css-av-av_two_third-9497bbf8bff73ea4c6992cc17fa9ec36\">\n.flex_column.av-av_two_third-9497bbf8bff73ea4c6992cc17fa9ec36{\nborder-radius:0px 0px 0px 0px;\npadding:0px 0px 0px 0px;\n}\n<\/style>\n<div  class='flex_column av-av_two_third-9497bbf8bff73ea4c6992cc17fa9ec36 av_two_third  avia-builder-el-0  el_before_av_one_third  avia-builder-el-first  first flex_column_div av-zero-column-padding  '     ><section  class='av_textblock_section av-av_textblock-0366cc7376be6c9e82a3e9cc8987b64f '   itemscope=\"itemscope\" itemtype=\"https:\/\/schema.org\/CreativeWork\" ><div class='avia_textblock'  itemprop=\"text\" ><p>Mit Edi Galler als Coach hat der WBU sein zweites L\u00e4nderspiel 2016 absolviert und dabei den KSV als Gegner gehabt.<\/p>\n<p>Anf\u00e4nglichem gegenseitigem Abtasten folgt in der 16. Minute der Eisbrecher durch Gerald nach sch\u00f6nem Zuspiel von Simon. Der Gastgeber KSV ist nun gefordert, seine Offensivbem\u00fchungen zu verst\u00e4rken \u2013 doch sp\u00e4testens beim rasch reagierenden Dani finden diese zun\u00e4chst ihr Ende. Nach einem Konter erzielt Moriz das 2:0 (20.), erst in der 25. Minute gelingt dem KSV ein Anschlusstreffer. Nach Ablauf der ersten Spielh\u00e4lfte kommt es merklich bitterer: Drei weitere Tore in Folge (44.\/52.\/62.) sorgen f\u00fcr die klare F\u00fchrung der Gastgeber. Bemerkenswert: WBU leidet \u00fcber die H\u00e4lfte des Spiels an Ladehemmung \u2013 Chancen sind vorhanden, doch kleinformatige Tore und ein gut aufgelegter Tormann verhindern Z\u00e4hlbares f\u00fcr die G\u00e4ste.<\/p>\n<p>Eine Viertelstunde vor Schluss erzielt Leo den hochverdienten Anschlusstreffer. Der KSV wird jedoch zunehmend spielbestimmend, WBU hat mit der eigenen Defensivarbeit gen\u00fcgend M\u00fche und steckt in der 71. Minute noch das 5:3 ein. Doch vier Minuten sp\u00e4ter keimt nochmals Hoffnung auf: Leo (75.) verk\u00fcrzt mit seinem zweiten Treffer, ein Unentschieden scheint jedenfalls erreichbar. Doch der inzwischen gut eingespielte KSV l\u00e4sst nicht mehr viel zu und setzt mit einem Konter in der Schlussminute den Schlusspunkt. Die dritte Halbzeit in der Marswiesen-Kantine bringt folgenden Schluss: G\u00fcnstig w\u00e4re es, eine gegnerische Mannschaft einmal unter Heimbedingungen des WBU antreten zu lassen.<\/p>\n<\/div><\/section><\/div>\n\n<style type=\"text\/css\" data-created_by=\"avia_inline_auto\" id=\"style-css-av-av_one_third-9c1d454dc06f7247226bc4e8f931daae\">\n.flex_column.av-av_one_third-9c1d454dc06f7247226bc4e8f931daae{\nborder-radius:0px 0px 0px 0px;\npadding:0px 0px 0px 0px;\n}\n<\/style>\n<div  class='flex_column av-av_one_third-9c1d454dc06f7247226bc4e8f931daae av_one_third  avia-builder-el-2  el_after_av_two_third  avia-builder-el-last  flex_column_div av-zero-column-padding  '     ><section  class='av_textblock_section av-av_textblock-0366cc7376be6c9e82a3e9cc8987b64f '   itemscope=\"itemscope\" itemtype=\"https:\/\/schema.org\/CreativeWork\" ><div class='avia_textblock'  itemprop=\"text\" ><p>Die <strong>Aufstellung von WBU:<\/strong><\/p>\n<p><strong>Tor<\/strong>: Dani Ndungu<\/p>\n<p><strong>Feld:<\/strong> Stransky-Can, Kirchhofer, Lurf; Wilkens L. (2), Wilkens M. (1); Ndongala, Schl\u00f6glhofer, Egger S.; Scharon (1) (Kapit\u00e4n), Seidl<\/p>\n<p><strong>Coach:<\/strong> Galler<\/p>\n<\/div><\/section><\/div>\n","protected":false},"excerpt":{"rendered":"","protected":false},"author":1,"featured_media":0,"parent":0,"menu_order":0,"comment_status":"closed","ping_status":"closed","template":"","meta":{"footnotes":""},"class_list":["post-3358","page","type-page","status-publish","hentry"],"_links":{"self":[{"href":"http:\/\/www.westbahn-united.at\/index.php?rest_route=\/wp\/v2\/pages\/3358","targetHints":{"allow":["GET"]}}],"collection":[{"href":"http:\/\/www.westbahn-united.at\/index.php?rest_route=\/wp\/v2\/pages"}],"about":[{"href":"http:\/\/www.westbahn-united.at\/index.php?rest_route=\/wp\/v2\/types\/page"}],"author":[{"embeddable":true,"href":"http:\/\/www.westbahn-united.at\/index.php?rest_route=\/wp\/v2\/users\/1"}],"replies":[{"embeddable":true,"href":"http:\/\/www.westbahn-united.at\/index.php?rest_route=%2Fwp%2Fv2%2Fcomments&post=3358"}],"version-history":[{"count":5,"href":"http:\/\/www.westbahn-united.at\/index.php?rest_route=\/wp\/v2\/pages\/3358\/revisions"}],"predecessor-version":[{"id":3377,"href":"http:\/\/www.westbahn-united.at\/index.php?rest_route=\/wp\/v2\/pages\/3358\/revisions\/3377"}],"wp:attachment":[{"href":"http:\/\/www.westbahn-united.at\/index.php?rest_route=%2Fwp%2Fv2%2Fmedia&parent=3358"}],"curies":[{"name":"wp","href":"https:\/\/api.w.org\/{rel}","templated":true}]}}