{"id":3452,"date":"2016-11-17T10:54:12","date_gmt":"2016-11-17T09:54:12","guid":{"rendered":"http:\/\/www.westbahn-united.at\/?page_id=3452"},"modified":"2016-11-17T11:50:04","modified_gmt":"2016-11-17T10:50:04","slug":"spielbericht-m-i-b-wbu-18-juni-2016","status":"publish","type":"page","link":"http:\/\/www.westbahn-united.at\/?page_id=3452","title":{"rendered":"Spielbericht M.I.B. &#8211; WBU, 18. Juni 2016"},"content":{"rendered":"\n<style type=\"text\/css\" data-created_by=\"avia_inline_auto\" id=\"style-css-av-av_two_third-9497bbf8bff73ea4c6992cc17fa9ec36\">\n.flex_column.av-av_two_third-9497bbf8bff73ea4c6992cc17fa9ec36{\nborder-radius:0px 0px 0px 0px;\npadding:0px 0px 0px 0px;\n}\n<\/style>\n<div  class='flex_column av-av_two_third-9497bbf8bff73ea4c6992cc17fa9ec36 av_two_third  avia-builder-el-0  el_before_av_one_third  avia-builder-el-first  first flex_column_div av-zero-column-padding  '     ><section  class='av_textblock_section av-av_textblock-0366cc7376be6c9e82a3e9cc8987b64f '   itemscope=\"itemscope\" itemtype=\"https:\/\/schema.org\/CreativeWork\" ><div class='avia_textblock'  itemprop=\"text\" ><h3>Reise nach Nieder\u00f6sterreich lohnt sich f\u00fcr Westbahn-United!<\/h3>\n<p><strong>Spielbericht:<\/strong><\/p>\n<div>Am Samstag, 18.06.2016 kam es mit dem Ausw\u00e4rtsspiel in Aschbach gegen die dortige Hobbytruppe &#8220;Mann ist bewegt&#8221; (Mibs) zu einem besonderen H\u00f6hepunkt in der Vereinsgeschichte (Erstes L\u00e4ndermatch au\u00dferhalb des Gro\u00dfraums Wien inklusive Public Viewing der Euro 2016 und \u00dcbernachtung). Das Spiel konnte 6:2 gewonnen werden.<\/div>\n<div><\/div>\n<div>Besondere Vorkommnisse: kurz vor Spielbeginn wurde Mayrhofer an den Gegner &#8220;transferiert&#8221;; Dani spielte im Tor wegen rutschiger Schuhe nur mit Socken!!<\/div>\n<div><\/div>\n<div>Besonderer Dank geb\u00fchrt den \u00e4u\u00dferts fairen und gastfreundlichen Gegnern! (R\u00fcckspiel 2017 in Wien nicht ausgeschlossen)<\/div>\n<\/div><\/section><\/div>\n<style type=\"text\/css\" data-created_by=\"avia_inline_auto\" id=\"style-css-av-av_one_third-9c1d454dc06f7247226bc4e8f931daae\">\n.flex_column.av-av_one_third-9c1d454dc06f7247226bc4e8f931daae{\nborder-radius:0px 0px 0px 0px;\npadding:0px 0px 0px 0px;\n}\n<\/style>\n<div  class='flex_column av-av_one_third-9c1d454dc06f7247226bc4e8f931daae av_one_third  avia-builder-el-2  el_after_av_two_third  avia-builder-el-last  flex_column_div av-zero-column-padding  '     ><p><section  class='av_textblock_section av-av_textblock-0366cc7376be6c9e82a3e9cc8987b64f '   itemscope=\"itemscope\" itemtype=\"https:\/\/schema.org\/CreativeWork\" ><div class='avia_textblock'  itemprop=\"text\" ><p>Die <strong>Aufstellung von WBU<\/strong>:<\/p>\n<div><strong>Tor:<\/strong> Ndungu<\/div>\n<div><strong>Feld:<\/strong> Bermann, Egger A., Egger S., Friedrichs, Galler, Kerber (1), Kirchhofer, Ndongala (2), Pazour, Scharon (1), Schl\u00f6glhofer, Seidl, Thenmayer, Varga, Wilkens L. (1), Wilkens M. (1).<\/div>\n<\/div><\/section><br \/>\n<div id='av-masonry-1' class='av-masonry av-av_masonry_gallery-b0587b24588d4b3c4cc17668197b50f2 noHover av-fixed-size av-large-gap av-hover-overlay-active av-masonry-animation-active av-masonry-col-flexible av-caption-always av-caption-style- av-masonry-gallery ' data-post_id=\"3452\"><div class=\"av-masonry-container isotope av-js-disabled\"><div class='av-masonry-entry isotope-item av-masonry-item-no-image '><\/div><a href=\"http:\/\/www.westbahn-united.at\/wp-content\/uploads\/2016\/11\/20160618_182625-1-1030x902.jpg\"  aria-label=\"image 20160618_182625-1\"  id='av-masonry-1-item-3459' data-av-masonry-item='3459' class='av-masonry-entry isotope-item post-3459 attachment type-attachment status-inherit hentry  av-masonry-item-with-image av-grid-img' title=\"20160618_182625-1\" alt=\"\"    itemprop=\"thumbnailUrl\" ><div class='av-inner-masonry-sizer'><\/div><figure class='av-inner-masonry main_color'><div class=\"av-masonry-outerimage-container\"><div class='av-masonry-image-container' style=\"background-image: url(http:\/\/www.westbahn-united.at\/wp-content\/uploads\/2016\/11\/20160618_182625-1-705x617.jpg);\"  title=\"20160618_182625-1\" ><\/div><\/div><\/figure><\/a><!--end av-masonry entry--><a href=\"http:\/\/www.westbahn-united.at\/wp-content\/uploads\/2016\/11\/20160618_175232-1-1030x828.jpg\"  aria-label=\"image 20160618_175232-1\"  id='av-masonry-1-item-3458' data-av-masonry-item='3458' class='av-masonry-entry isotope-item post-3458 attachment type-attachment status-inherit hentry  av-masonry-item-with-image av-grid-img' title=\"20160618_175232-1\" alt=\"\"    itemprop=\"thumbnailUrl\" ><div class='av-inner-masonry-sizer'><\/div><figure class='av-inner-masonry main_color'><div class=\"av-masonry-outerimage-container\"><div class='av-masonry-image-container' style=\"background-image: url(http:\/\/www.westbahn-united.at\/wp-content\/uploads\/2016\/11\/20160618_175232-1-705x567.jpg);\"  title=\"20160618_175232-1\" ><\/div><\/div><\/figure><\/a><!--end av-masonry entry--><a href=\"http:\/\/www.westbahn-united.at\/wp-content\/uploads\/2016\/11\/IMG_2529-1030x773.jpg\"  aria-label=\"image img_2529\"  id='av-masonry-1-item-3460' data-av-masonry-item='3460' class='av-masonry-entry isotope-item post-3460 attachment type-attachment status-inherit hentry  av-masonry-item-with-image av-grid-img' title=\"img_2529\" alt=\"\"    itemprop=\"thumbnailUrl\" ><div class='av-inner-masonry-sizer'><\/div><figure class='av-inner-masonry main_color'><div class=\"av-masonry-outerimage-container\"><div class='av-masonry-image-container' style=\"background-image: url(http:\/\/www.westbahn-united.at\/wp-content\/uploads\/2016\/11\/IMG_2529-705x529.jpg);\"  title=\"img_2529\" ><\/div><\/div><\/figure><\/a><!--end av-masonry entry--><a href=\"http:\/\/www.westbahn-united.at\/wp-content\/uploads\/2016\/11\/IMG_2533-1030x773.jpg\"  aria-label=\"image img_2533\"  id='av-masonry-1-item-3461' data-av-masonry-item='3461' class='av-masonry-entry isotope-item post-3461 attachment type-attachment status-inherit hentry  av-masonry-item-with-image av-grid-img' title=\"img_2533\" alt=\"\"    itemprop=\"thumbnailUrl\" ><div class='av-inner-masonry-sizer'><\/div><figure class='av-inner-masonry main_color'><div class=\"av-masonry-outerimage-container\"><div class='av-masonry-image-container' style=\"background-image: url(http:\/\/www.westbahn-united.at\/wp-content\/uploads\/2016\/11\/IMG_2533-705x529.jpg);\"  title=\"img_2533\" ><\/div><\/div><\/figure><\/a><!--end av-masonry entry--><a href=\"http:\/\/www.westbahn-united.at\/wp-content\/uploads\/2016\/11\/IMG_2538-1030x773.jpg\"  aria-label=\"image img_2538\"  id='av-masonry-1-item-3463' data-av-masonry-item='3463' class='av-masonry-entry isotope-item post-3463 attachment type-attachment status-inherit hentry  av-masonry-item-with-image av-grid-img' title=\"img_2538\" alt=\"\"    itemprop=\"thumbnailUrl\" ><div class='av-inner-masonry-sizer'><\/div><figure class='av-inner-masonry main_color'><div class=\"av-masonry-outerimage-container\"><div class='av-masonry-image-container' style=\"background-image: url(http:\/\/www.westbahn-united.at\/wp-content\/uploads\/2016\/11\/IMG_2538-705x529.jpg);\"  title=\"img_2538\" ><\/div><\/div><\/figure><\/a><!--end av-masonry entry--><a href=\"http:\/\/www.westbahn-united.at\/wp-content\/uploads\/2016\/11\/IMG_2534-1030x773.jpg\"  aria-label=\"image img_2534\"  id='av-masonry-1-item-3462' data-av-masonry-item='3462' class='av-masonry-entry isotope-item post-3462 attachment type-attachment status-inherit hentry  av-masonry-item-with-image av-grid-img' title=\"img_2534\" alt=\"\"    itemprop=\"thumbnailUrl\" ><div class='av-inner-masonry-sizer'><\/div><figure class='av-inner-masonry main_color'><div class=\"av-masonry-outerimage-container\"><div class='av-masonry-image-container' style=\"background-image: url(http:\/\/www.westbahn-united.at\/wp-content\/uploads\/2016\/11\/IMG_2534-705x529.jpg);\"  title=\"img_2534\" ><\/div><\/div><\/figure><\/a><!--end av-masonry entry--><\/div><\/div><\/p><\/div><\/p>\n","protected":false},"excerpt":{"rendered":"","protected":false},"author":1,"featured_media":0,"parent":0,"menu_order":0,"comment_status":"closed","ping_status":"closed","template":"","meta":{"footnotes":""},"class_list":["post-3452","page","type-page","status-publish","hentry"],"_links":{"self":[{"href":"http:\/\/www.westbahn-united.at\/index.php?rest_route=\/wp\/v2\/pages\/3452","targetHints":{"allow":["GET"]}}],"collection":[{"href":"http:\/\/www.westbahn-united.at\/index.php?rest_route=\/wp\/v2\/pages"}],"about":[{"href":"http:\/\/www.westbahn-united.at\/index.php?rest_route=\/wp\/v2\/types\/page"}],"author":[{"embeddable":true,"href":"http:\/\/www.westbahn-united.at\/index.php?rest_route=\/wp\/v2\/users\/1"}],"replies":[{"embeddable":true,"href":"http:\/\/www.westbahn-united.at\/index.php?rest_route=%2Fwp%2Fv2%2Fcomments&post=3452"}],"version-history":[{"count":8,"href":"http:\/\/www.westbahn-united.at\/index.php?rest_route=\/wp\/v2\/pages\/3452\/revisions"}],"predecessor-version":[{"id":3467,"href":"http:\/\/www.westbahn-united.at\/index.php?rest_route=\/wp\/v2\/pages\/3452\/revisions\/3467"}],"wp:attachment":[{"href":"http:\/\/www.westbahn-united.at\/index.php?rest_route=%2Fwp%2Fv2%2Fmedia&parent=3452"}],"curies":[{"name":"wp","href":"https:\/\/api.w.org\/{rel}","templated":true}]}}