{"id":3475,"date":"2017-02-21T20:46:26","date_gmt":"2017-02-21T19:46:26","guid":{"rendered":"http:\/\/www.westbahn-united.at\/?page_id=3475"},"modified":"2017-02-28T10:43:15","modified_gmt":"2017-02-28T09:43:15","slug":"spielbericht-fc-minus-null-wbu-31-1-2017","status":"publish","type":"page","link":"http:\/\/www.westbahn-united.at\/?page_id=3475","title":{"rendered":"Spielbericht FC Minus Null &#8211; WBU, 31.1.2017"},"content":{"rendered":"\n<style type=\"text\/css\" data-created_by=\"avia_inline_auto\" id=\"style-css-av-av_two_third-9497bbf8bff73ea4c6992cc17fa9ec36\">\n.flex_column.av-av_two_third-9497bbf8bff73ea4c6992cc17fa9ec36{\nborder-radius:0px 0px 0px 0px;\npadding:0px 0px 0px 0px;\n}\n<\/style>\n<div  class='flex_column av-av_two_third-9497bbf8bff73ea4c6992cc17fa9ec36 av_two_third  avia-builder-el-0  el_before_av_one_third  avia-builder-el-first  first flex_column_div av-zero-column-padding  '     ><section  class='av_textblock_section av-av_textblock-0366cc7376be6c9e82a3e9cc8987b64f '   itemscope=\"itemscope\" itemtype=\"https:\/\/schema.org\/CreativeWork\" ><div class='avia_textblock'  itemprop=\"text\" ><p>Im ersten L\u00e4nderspiel des Kalenderjahrs 2017 treten wir in der Wexstra\u00dfe gegen den FC Minus Null an. Mit gemischten Gef\u00fchlen betreten wir die R\u00e4umlichkeiten des TGM, waren die letzten beiden Spiele doch deutlich verloren gegangen. Sei\u2019s drum: Die Heimmannschaft empf\u00e4ngt uns in der Halle zum Duell um das volle Kr\u00fcgerl. Um es sich auf der Zunge zergehen zu lassen \u2013 die Macht aus der Zinckgasse f\u00e4hrt einen fulminanten Ausw\u00e4rtssieg ein:<\/p>\n<p>Endstand: FC MN 13:17 WBU<\/p>\n<p>Was f\u00fcr ein Einstand im neuen Jahr! Nach der Eingew\u00f6hnungsphase bricht Edi mit einem satten Schuss aus halbrechts das Eis, es steht nun 2:1 (11\u2018). Christian (Leihgabe des BMWFW) stellt zwei Minuten darauf den Ausgleich her. Es kristallisiert sich eine Begegnung auf Augenh\u00f6he heraus: Dem F\u00fchrungstreffer durch die Gastgeber (20\u2018) k\u00f6nnen Kajetan (22\u2018) und Gerald (24\u2018) entgegnen, womit heute erstmals die G\u00e4ste f\u00fchren. Einem zu den Platzverh\u00e4ltnissen passenden Ausgleich-F\u00fchrung-Pingpong (27\u2018, 29\u2018 BMWFW-Peter, 32\u2018, 34\u2018 Gerald, 39\u2018) ist gleich darauf nach einer verk\u00fcrzten Halbzeit (K\u00f6nnte der Grund daf\u00fcr der Gastgeber-Zug zum Kr\u00fcgerl gewesen sein?) festzustellen: beim Stand von 6:6 ist f\u00fcr uns heute wirklich etwas zu holen!<\/p>\n<p>Besser konzentriert gelingt nach Wiederauflage die Gastgeber der F\u00fchrungstreffer (51\u2018). Doch drei Treffer en Suite (46\u2018 Peter, 48\u2018 Manu, 49\u2018 Gerald) ins FC Minus Null \u2013 Geh\u00e4use bauen Selbstvertrauen auf, ein Treffer ins eigene Netz weniger (50\u2018). Als die Wuchtl trotz burschenhafter Reflexe unseres Schlussmanns Dani in der 51sten Minute wieder bei uns einschl\u00e4gt, scheint es wieder eng zu werden. Doch von nun an geh\u00f6ren die \u201e50er\u201c uns: Martin (53\u2018), abermals Gerald (55\u2018) und Peter (57\u2018) erh\u00f6hen auf 9:12, dem zwischenzeitlichen Anschluss (60\u2018) antworten wir geschickt durch F\u00fcnferpack-Peter und seinen beiden Treffern (62\u2018, 65\u2018) zum 10:14. Kleine Unsicherheiten (zweimal, 66\u2018) bringen die Westbahn nicht mehr vom Siegeskurs ab &#8211; Kajetan (67\u2018) und Martin (69\u2018, 70\u2018) sorgen f\u00fcr klare Verh\u00e4ltnisse, an denen auch Minute 78 (sehenswerter Fernschuss der G\u00e4ste) nichts mehr \u00e4ndert.<\/p>\n<p>Das \u201eProhaska\u201c sorgt f\u00fcr den passenden Siegestrunk und eine Fleisch-gepr\u00e4gte Speisekarte (\u201eA Schmalzbrot mit Zwievl kriagst f\u00fcr Aansfuffzg sunnst nur im Burgnlond!\u201c) \u2013 angesichts der tollen Stimmung hier sehr schade, dass wir dem Klub aus der Wexstra\u00dfe erst wieder n\u00e4chstes Jahr begegnen werden.<\/p>\n<\/div><\/section><\/div>\n\n<style type=\"text\/css\" data-created_by=\"avia_inline_auto\" id=\"style-css-av-av_one_third-9c1d454dc06f7247226bc4e8f931daae\">\n.flex_column.av-av_one_third-9c1d454dc06f7247226bc4e8f931daae{\nborder-radius:0px 0px 0px 0px;\npadding:0px 0px 0px 0px;\n}\n<\/style>\n<div  class='flex_column av-av_one_third-9c1d454dc06f7247226bc4e8f931daae av_one_third  avia-builder-el-2  el_after_av_two_third  avia-builder-el-last  flex_column_div av-zero-column-padding  '     ><section  class='av_textblock_section av-av_textblock-0366cc7376be6c9e82a3e9cc8987b64f '   itemscope=\"itemscope\" itemtype=\"https:\/\/schema.org\/CreativeWork\" ><div class='avia_textblock'  itemprop=\"text\" ><p>Die <strong>Aufstellung von WBU<\/strong>:<\/p>\n<div><strong>Tor:<\/strong> Ndungu<\/div>\n<div><strong>Feld:<\/strong>\u00a0 Egger S., Gorka (1), \u00a0Seidl (1), Koller (5); Scharon (4), Galler (1) (L\u00e4nderspiel-Koordinator), Thenmayer (3), Stransky-Can (2)<\/div>\n<\/div><\/section><\/div>\n","protected":false},"excerpt":{"rendered":"","protected":false},"author":1,"featured_media":0,"parent":0,"menu_order":0,"comment_status":"closed","ping_status":"closed","template":"","meta":{"footnotes":""},"class_list":["post-3475","page","type-page","status-publish","hentry"],"_links":{"self":[{"href":"http:\/\/www.westbahn-united.at\/index.php?rest_route=\/wp\/v2\/pages\/3475","targetHints":{"allow":["GET"]}}],"collection":[{"href":"http:\/\/www.westbahn-united.at\/index.php?rest_route=\/wp\/v2\/pages"}],"about":[{"href":"http:\/\/www.westbahn-united.at\/index.php?rest_route=\/wp\/v2\/types\/page"}],"author":[{"embeddable":true,"href":"http:\/\/www.westbahn-united.at\/index.php?rest_route=\/wp\/v2\/users\/1"}],"replies":[{"embeddable":true,"href":"http:\/\/www.westbahn-united.at\/index.php?rest_route=%2Fwp%2Fv2%2Fcomments&post=3475"}],"version-history":[{"count":5,"href":"http:\/\/www.westbahn-united.at\/index.php?rest_route=\/wp\/v2\/pages\/3475\/revisions"}],"predecessor-version":[{"id":3665,"href":"http:\/\/www.westbahn-united.at\/index.php?rest_route=\/wp\/v2\/pages\/3475\/revisions\/3665"}],"wp:attachment":[{"href":"http:\/\/www.westbahn-united.at\/index.php?rest_route=%2Fwp%2Fv2%2Fmedia&parent=3475"}],"curies":[{"name":"wp","href":"https:\/\/api.w.org\/{rel}","templated":true}]}}