{"id":3667,"date":"2017-03-24T19:49:11","date_gmt":"2017-03-24T18:49:11","guid":{"rendered":"http:\/\/www.westbahn-united.at\/?page_id=3667"},"modified":"2017-03-24T19:53:03","modified_gmt":"2017-03-24T18:53:03","slug":"spielbericht-ksv-sozialministerium-wbu-bundesamtsgebaude-radetzkystrase-2-28-2-2017","status":"publish","type":"page","link":"http:\/\/www.westbahn-united.at\/?page_id=3667","title":{"rendered":"Spielbericht Sozialministerium &#8211; WBU, Bundesamtsgeb\u00e4ude, Radetzkystra\u00dfe 2, 28.2.2017"},"content":{"rendered":"\n<style type=\"text\/css\" data-created_by=\"avia_inline_auto\" id=\"style-css-av-av_two_third-9497bbf8bff73ea4c6992cc17fa9ec36\">\n.flex_column.av-av_two_third-9497bbf8bff73ea4c6992cc17fa9ec36{\nborder-radius:0px 0px 0px 0px;\npadding:0px 0px 0px 0px;\n}\n<\/style>\n<div  class='flex_column av-av_two_third-9497bbf8bff73ea4c6992cc17fa9ec36 av_two_third  avia-builder-el-0  el_before_av_one_third  avia-builder-el-first  first flex_column_div av-zero-column-padding  '     ><section  class='av_textblock_section av-av_textblock-396ddf1f42196ca838231e61a4602801 '   itemscope=\"itemscope\" itemtype=\"https:\/\/schema.org\/CreativeWork\" ><div class='avia_textblock'  itemprop=\"text\" ><p>Am Faschingsdienstag 2017 gab es f\u00fcr WBU leider nicht viel zu lachen. Dabei hatte alle so gut begonnen: WBU ging rasch 2:0 in F\u00fchrung. In der Folge wogte das Spiel in einer sehr ausgeglichenen ersten Halbzeit hin und her. So ging zwischenzeitig das BMS mit 4:2 in F\u00fchrung, dann wieder WBH mit 6:4 und 7:5. Auch zur Halbzeit beim Stand von 7:6 waren wir noch zuversichtlich auf einen positiven Spielausgang.<\/p>\n<p>Leider erlebte WBU einen rabenschwarzen Start in die zweite Halbzeit: ohne selbst ein Tor zu erzielen gelang dem Gegner binnen 20 Minuten die Vorentscheidung, indem er auf 17:6 davonzog. Elf Gegentore in Serie (von 7:5 auf 7:16) sind wohl auch Negativrekord in der L\u00e4nderspielgeschichte von WBU!<\/p>\n<p>Nach diesem \u201eBlackout\u201c verlief das Spiel wieder ausgeglichener und endete schlie\u00dflich mit einer 10:18 Niederlage f\u00fcr WBU. Trotz der empfindlichen Niederlage werden wir uns einem R\u00fcckspiel stellen!<\/p>\n<p>Anschlie\u00dfend lie\u00df man den Abend in der nahe gelegenen Pizzeria \u201eSalambo\u201c ausklingen.<\/p>\n<\/div><\/section><\/div>\n<style type=\"text\/css\" data-created_by=\"avia_inline_auto\" id=\"style-css-av-av_one_third-9c1d454dc06f7247226bc4e8f931daae\">\n.flex_column.av-av_one_third-9c1d454dc06f7247226bc4e8f931daae{\nborder-radius:0px 0px 0px 0px;\npadding:0px 0px 0px 0px;\n}\n<\/style>\n<div  class='flex_column av-av_one_third-9c1d454dc06f7247226bc4e8f931daae av_one_third  avia-builder-el-2  el_after_av_two_third  el_before_av_two_third  flex_column_div av-zero-column-padding  '     ><section  class='av_textblock_section av-av_textblock-396ddf1f42196ca838231e61a4602801 '   itemscope=\"itemscope\" itemtype=\"https:\/\/schema.org\/CreativeWork\" ><div class='avia_textblock'  itemprop=\"text\" ><p>Die <strong>Aufstellung von WBU<\/strong>:<\/p>\n<div>\n<p><strong>Tor:<\/strong> Dani Ndungu;<\/p>\n<p><strong>Feld (Block 1):<\/strong> Edi Galler (1), Guy Ndongala (bis 75., 2), Gerald Scharon (2), Gottfried Schl\u00f6glhofer;<\/p>\n<p><strong>Feld (Block 2):<\/strong> Christian Gorka (2), Christoph Kerber (2), Martin Thenmaier (1), Kajetan Stransky-Can (ab 50.).<\/p>\n<\/div>\n<\/div><\/section><\/div>\n<style type=\"text\/css\" data-created_by=\"avia_inline_auto\" id=\"style-css-av-av_two_third-6126cab7d8fab8d08143dd2dacdf673c\">\n.flex_column.av-av_two_third-6126cab7d8fab8d08143dd2dacdf673c{\nborder-radius:0px 0px 0px 0px;\npadding:0px 0px 0px 0px;\n}\n<\/style>\n<div  class='flex_column av-av_two_third-6126cab7d8fab8d08143dd2dacdf673c av_two_third  avia-builder-el-4  el_after_av_one_third  el_before_av_one_third  first flex_column_div av-zero-column-padding  column-top-margin'     ><\/div><\/p>\n\n<style type=\"text\/css\" data-created_by=\"avia_inline_auto\" id=\"style-css-av-av_one_third-0aa7055fe62c3622faec82866afbaeb2\">\n.flex_column.av-av_one_third-0aa7055fe62c3622faec82866afbaeb2{\nborder-radius:0px 0px 0px 0px;\npadding:0px 0px 0px 0px;\n}\n<\/style>\n<div  class='flex_column av-av_one_third-0aa7055fe62c3622faec82866afbaeb2 av_one_third  avia-builder-el-5  el_after_av_two_third  avia-builder-el-last  flex_column_div av-zero-column-padding  column-top-margin'     ><div id='av-masonry-1' class='av-masonry av-av_masonry_gallery-55a31edf1b7ebbc5bf4210d843a26a67 noHover av-flex-size av-large-gap av-hover-overlay-active av-masonry-animation-active av-masonry-col-flexible av-caption-always av-caption-style- av-masonry-gallery ' data-post_id=\"3667\"><div class=\"av-masonry-container isotope av-js-disabled\"><div class='av-masonry-entry isotope-item av-masonry-item-no-image '><\/div><a href=\"http:\/\/www.westbahn-united.at\/wp-content\/uploads\/2017\/03\/1-1030x720.jpg\"  aria-label=\"image 1\"  id='av-masonry-1-item-3668' data-av-masonry-item='3668' class='av-masonry-entry isotope-item post-3668 attachment type-attachment status-inherit hentry  av-masonry-item-with-image' title=\"1\" alt=\"\"    itemprop=\"thumbnailUrl\" ><div class='av-inner-masonry-sizer'><\/div><figure class='av-inner-masonry main_color'><div class=\"av-masonry-outerimage-container\"><div class='av-masonry-image-container'  ><img decoding=\"async\" width=\"705\" height=\"493\" fetchpriority=\"high\" class=\"wp-image-3668 avia-img-lazy-loading-not-3668\"  src=\"http:\/\/www.westbahn-united.at\/wp-content\/uploads\/2017\/03\/1-705x493.jpg\" title=\"1\" alt=\"\" srcset=\"http:\/\/www.westbahn-united.at\/wp-content\/uploads\/2017\/03\/1-705x493.jpg 705w, http:\/\/www.westbahn-united.at\/wp-content\/uploads\/2017\/03\/1-300x210.jpg 300w, http:\/\/www.westbahn-united.at\/wp-content\/uploads\/2017\/03\/1-768x537.jpg 768w, http:\/\/www.westbahn-united.at\/wp-content\/uploads\/2017\/03\/1-1030x720.jpg 1030w, http:\/\/www.westbahn-united.at\/wp-content\/uploads\/2017\/03\/1-450x315.jpg 450w, http:\/\/www.westbahn-united.at\/wp-content\/uploads\/2017\/03\/1.jpg 1442w\" sizes=\"(max-width: 705px) 100vw, 705px\" \/><\/div><\/div><figcaption class='av-inner-masonry-content site-background'><div class='av-inner-masonry-content-pos'><div class='av-inner-masonry-content-pos-content'><div class='avia-arrow'><\/div><h3 class='av-masonry-entry-title entry-title '  itemprop=\"headline\" >1<\/h3><\/div><\/div><\/figcaption><\/figure><\/a><!--end av-masonry entry--><a href=\"http:\/\/www.westbahn-united.at\/wp-content\/uploads\/2017\/03\/2-1030x734.jpg\"  aria-label=\"image 2\"  id='av-masonry-1-item-3669' data-av-masonry-item='3669' class='av-masonry-entry isotope-item post-3669 attachment type-attachment status-inherit hentry  av-masonry-item-with-image' title=\"2\" alt=\"\"    itemprop=\"thumbnailUrl\" ><div class='av-inner-masonry-sizer'><\/div><figure class='av-inner-masonry main_color'><div class=\"av-masonry-outerimage-container\"><div class='av-masonry-image-container'  ><img decoding=\"async\" width=\"705\" height=\"503\" fetchpriority=\"high\" class=\"wp-image-3669 avia-img-lazy-loading-not-3669\"  src=\"http:\/\/www.westbahn-united.at\/wp-content\/uploads\/2017\/03\/2-705x503.jpg\" title=\"2\" alt=\"\" srcset=\"http:\/\/www.westbahn-united.at\/wp-content\/uploads\/2017\/03\/2-705x503.jpg 705w, http:\/\/www.westbahn-united.at\/wp-content\/uploads\/2017\/03\/2-300x214.jpg 300w, http:\/\/www.westbahn-united.at\/wp-content\/uploads\/2017\/03\/2-768x547.jpg 768w, http:\/\/www.westbahn-united.at\/wp-content\/uploads\/2017\/03\/2-1030x734.jpg 1030w, http:\/\/www.westbahn-united.at\/wp-content\/uploads\/2017\/03\/2-260x185.jpg 260w, http:\/\/www.westbahn-united.at\/wp-content\/uploads\/2017\/03\/2-450x321.jpg 450w, http:\/\/www.westbahn-united.at\/wp-content\/uploads\/2017\/03\/2.jpg 1445w\" sizes=\"(max-width: 705px) 100vw, 705px\" \/><\/div><\/div><figcaption class='av-inner-masonry-content site-background'><div class='av-inner-masonry-content-pos'><div class='av-inner-masonry-content-pos-content'><div class='avia-arrow'><\/div><h3 class='av-masonry-entry-title entry-title '  itemprop=\"headline\" >2<\/h3><\/div><\/div><\/figcaption><\/figure><\/a><!--end av-masonry entry--><\/div><\/div><\/div>\n","protected":false},"excerpt":{"rendered":"","protected":false},"author":1,"featured_media":0,"parent":0,"menu_order":0,"comment_status":"closed","ping_status":"closed","template":"","meta":{"footnotes":""},"class_list":["post-3667","page","type-page","status-publish","hentry"],"_links":{"self":[{"href":"http:\/\/www.westbahn-united.at\/index.php?rest_route=\/wp\/v2\/pages\/3667","targetHints":{"allow":["GET"]}}],"collection":[{"href":"http:\/\/www.westbahn-united.at\/index.php?rest_route=\/wp\/v2\/pages"}],"about":[{"href":"http:\/\/www.westbahn-united.at\/index.php?rest_route=\/wp\/v2\/types\/page"}],"author":[{"embeddable":true,"href":"http:\/\/www.westbahn-united.at\/index.php?rest_route=\/wp\/v2\/users\/1"}],"replies":[{"embeddable":true,"href":"http:\/\/www.westbahn-united.at\/index.php?rest_route=%2Fwp%2Fv2%2Fcomments&post=3667"}],"version-history":[{"count":2,"href":"http:\/\/www.westbahn-united.at\/index.php?rest_route=\/wp\/v2\/pages\/3667\/revisions"}],"predecessor-version":[{"id":3673,"href":"http:\/\/www.westbahn-united.at\/index.php?rest_route=\/wp\/v2\/pages\/3667\/revisions\/3673"}],"wp:attachment":[{"href":"http:\/\/www.westbahn-united.at\/index.php?rest_route=%2Fwp%2Fv2%2Fmedia&parent=3667"}],"curies":[{"name":"wp","href":"https:\/\/api.w.org\/{rel}","templated":true}]}}