{"id":3674,"date":"2017-03-24T19:56:02","date_gmt":"2017-03-24T18:56:02","guid":{"rendered":"http:\/\/www.westbahn-united.at\/?page_id=3674"},"modified":"2017-03-24T19:58:09","modified_gmt":"2017-03-24T18:58:09","slug":"spielbericht-sozialministerium-wbu-bundesamtsgebaude-radetzkystrase-2-28-2-2017","status":"publish","type":"page","link":"http:\/\/www.westbahn-united.at\/?page_id=3674","title":{"rendered":"Spielbericht KSV &#8211; WBU, Marswiese, 20.3.2017"},"content":{"rendered":"\n<style type=\"text\/css\" data-created_by=\"avia_inline_auto\" id=\"style-css-av-av_two_third-9497bbf8bff73ea4c6992cc17fa9ec36\">\n.flex_column.av-av_two_third-9497bbf8bff73ea4c6992cc17fa9ec36{\nborder-radius:0px 0px 0px 0px;\npadding:0px 0px 0px 0px;\n}\n<\/style>\n<div  class='flex_column av-av_two_third-9497bbf8bff73ea4c6992cc17fa9ec36 av_two_third  avia-builder-el-0  el_before_av_one_third  avia-builder-el-first  first flex_column_div av-zero-column-padding  '     ><section  class='av_textblock_section av-av_textblock-396ddf1f42196ca838231e61a4602801 '   itemscope=\"itemscope\" itemtype=\"https:\/\/schema.org\/CreativeWork\" ><div class='avia_textblock'  itemprop=\"text\" ><p><strong>Spielbericht:<\/strong><\/p>\n<p>Mit Regelm\u00e4\u00dfigkeit tritt die Westbahn-Lok ihre Fahrt nach Neuwaldegg an, um vom KSV empfangen zu werden. Nach kurzem Luftholen und R\u00fcckstand ist das erste Viertel von Torgef\u00e4hrlichkeit des FC WBU gepr\u00e4gt: Christoph (8\u2018), Gerald (Doppelpack 11\u2018\/18\u2018) und Martin (14\u2018) lassen uns auf 4:1 davonziehen. Doch in den zehn Folgeminuten nimmt der KSV das Heft in die Hand \u2013 trotz gl\u00e4nzend aufgelegtem Schlussmann Dani l\u00e4uft WBU nach einer halben Stunde einem 4:5 hinterher. Dieses Konzentrationstief ist noch nicht spielentscheidend: Dem Ausgleich durch Kajetan (31\u2018) folgt ein sehenswerter Heber von G\u00fcnther (35\u2018), der im linken Kreuzeck einschl\u00e4gt. Die Gastgeber zeigen sich nicht sonderlich beeindruckt, legen drei Tore nach \u2013 womit es nach einer knappen dreiviertel Stunde 6:8 steht. Doch Guy (45\u2018) h\u00e4lt die Gastgeber davon ab, \u00fcberm\u00fctig zu werden. Das entscheidende Spielviertel beginnt.<\/p>\n<p>Denn nachdem in den ersten 45 Minuten 15 Tore gefallen sind, f\u00e4llt in den 25 Minuten drauf kein einziges. Uns ist es trotz zahlreicher Chancen nicht m\u00f6glich, den Ball im Geh\u00e4use des KSV unterzubringen. Die phasenweise Dominanz des WBU l\u00e4sst die Gastgeber nachdenklich, mitunter sogar passiv erscheinen. Aus einem schnellen Konter m\u00fcssen wir jedoch ein weiteres Gegentor einstecken. G\u00fcnther l\u00e4sst mit seinem zweiten Treffer (74\u2018) wiederum Hoffnung aufkeimen, ein KSV-Doppelpack in den letzten f\u00fcnf Minuten stellt wieder klare Verh\u00e4ltnisse her.<\/p>\n<p>Der Ausklang erfolgt in der Marswiese-Kantine (danke an die bew\u00e4hrte Turbo-Bedienung) mit einem Ausblick auf das Match gegen Aschbach im Juni.<\/p>\n<p>Die Bilanz gegen den KSV (seit 2003) lautet nunmehr: 12 Siege, 4 Unentschieden und 13 Niederlagen.<\/p>\n<\/div><\/section><\/div>\n<style type=\"text\/css\" data-created_by=\"avia_inline_auto\" id=\"style-css-av-av_one_third-9c1d454dc06f7247226bc4e8f931daae\">\n.flex_column.av-av_one_third-9c1d454dc06f7247226bc4e8f931daae{\nborder-radius:0px 0px 0px 0px;\npadding:0px 0px 0px 0px;\n}\n<\/style>\n<div  class='flex_column av-av_one_third-9c1d454dc06f7247226bc4e8f931daae av_one_third  avia-builder-el-2  el_after_av_two_third  el_before_av_two_third  flex_column_div av-zero-column-padding  '     ><section  class='av_textblock_section av-av_textblock-396ddf1f42196ca838231e61a4602801 '   itemscope=\"itemscope\" itemtype=\"https:\/\/schema.org\/CreativeWork\" ><div class='avia_textblock'  itemprop=\"text\" ><p>Die <strong>Aufstellung von WBU<\/strong>:<\/p>\n<div>\n<p><strong>Tor:<\/strong> Dani Ndungu<br \/>\n<strong>Feld:<\/strong> Gottfried Schl\u00f6glhofer, Kajetan Stransky-Can (1), G\u00fcnther Jedlicka (2), Christoph Kerber (1), Gerald Scharon (2); Martin Thenmayer (1), Guy Ndongala (1).<\/p>\n<\/div>\n<\/div><\/section><\/div><\/p>\n\n<style type=\"text\/css\" data-created_by=\"avia_inline_auto\" id=\"style-css-av-av_two_third-6126cab7d8fab8d08143dd2dacdf673c\">\n.flex_column.av-av_two_third-6126cab7d8fab8d08143dd2dacdf673c{\nborder-radius:0px 0px 0px 0px;\npadding:0px 0px 0px 0px;\n}\n<\/style>\n<div  class='flex_column av-av_two_third-6126cab7d8fab8d08143dd2dacdf673c av_two_third  avia-builder-el-4  el_after_av_one_third  el_before_av_one_third  first flex_column_div av-zero-column-padding  column-top-margin'     ><\/div>\n\n<style type=\"text\/css\" data-created_by=\"avia_inline_auto\" id=\"style-css-av-av_one_third-0aa7055fe62c3622faec82866afbaeb2\">\n.flex_column.av-av_one_third-0aa7055fe62c3622faec82866afbaeb2{\nborder-radius:0px 0px 0px 0px;\npadding:0px 0px 0px 0px;\n}\n<\/style>\n<div  class='flex_column av-av_one_third-0aa7055fe62c3622faec82866afbaeb2 av_one_third  avia-builder-el-5  el_after_av_two_third  avia-builder-el-last  flex_column_div av-zero-column-padding  column-top-margin'     ><div id='av-masonry-1' class='av-masonry av-av_masonry_gallery-2621544b4099d1e78f91d91b602d112d noHover av-flex-size av-large-gap av-hover-overlay-active av-masonry-animation-active av-masonry-col-flexible av-caption-always av-caption-style- av-masonry-gallery ' data-post_id=\"3674\"><div class=\"av-masonry-container isotope av-js-disabled\"><div class='av-masonry-entry isotope-item av-masonry-item-no-image '><\/div><a href=\"http:\/\/www.westbahn-united.at\/wp-content\/uploads\/2017\/03\/3.jpg\"  aria-label=\"image WBU auf der Marswiese\"  id='av-masonry-1-item-3675' data-av-masonry-item='3675' class='av-masonry-entry isotope-item post-3675 attachment type-attachment status-inherit hentry  av-masonry-item-with-image' title=\"WBU auf der Marswiese\" alt=\"\"    itemprop=\"thumbnailUrl\" ><div class='av-inner-masonry-sizer'><\/div><figure class='av-inner-masonry main_color'><div class=\"av-masonry-outerimage-container\"><div class='av-masonry-image-container'  ><img decoding=\"async\" width=\"640\" height=\"480\" fetchpriority=\"high\" class=\"wp-image-3675 avia-img-lazy-loading-not-3675\"  src=\"http:\/\/www.westbahn-united.at\/wp-content\/uploads\/2017\/03\/3.jpg\" title=\"WBU auf der Marswiese\" alt=\"\" srcset=\"http:\/\/www.westbahn-united.at\/wp-content\/uploads\/2017\/03\/3.jpg 640w, http:\/\/www.westbahn-united.at\/wp-content\/uploads\/2017\/03\/3-300x225.jpg 300w, http:\/\/www.westbahn-united.at\/wp-content\/uploads\/2017\/03\/3-450x338.jpg 450w\" sizes=\"(max-width: 640px) 100vw, 640px\" \/><\/div><\/div><figcaption class='av-inner-masonry-content site-background'><div class='av-inner-masonry-content-pos'><div class='av-inner-masonry-content-pos-content'><div class='avia-arrow'><\/div><h3 class='av-masonry-entry-title entry-title '  itemprop=\"headline\" >WBU auf der Marswiese<\/h3><\/div><\/div><\/figcaption><\/figure><\/a><!--end av-masonry entry--><\/div><\/div><\/div>\n","protected":false},"excerpt":{"rendered":"","protected":false},"author":1,"featured_media":0,"parent":0,"menu_order":0,"comment_status":"closed","ping_status":"closed","template":"","meta":{"footnotes":""},"class_list":["post-3674","page","type-page","status-publish","hentry"],"_links":{"self":[{"href":"http:\/\/www.westbahn-united.at\/index.php?rest_route=\/wp\/v2\/pages\/3674","targetHints":{"allow":["GET"]}}],"collection":[{"href":"http:\/\/www.westbahn-united.at\/index.php?rest_route=\/wp\/v2\/pages"}],"about":[{"href":"http:\/\/www.westbahn-united.at\/index.php?rest_route=\/wp\/v2\/types\/page"}],"author":[{"embeddable":true,"href":"http:\/\/www.westbahn-united.at\/index.php?rest_route=\/wp\/v2\/users\/1"}],"replies":[{"embeddable":true,"href":"http:\/\/www.westbahn-united.at\/index.php?rest_route=%2Fwp%2Fv2%2Fcomments&post=3674"}],"version-history":[{"count":3,"href":"http:\/\/www.westbahn-united.at\/index.php?rest_route=\/wp\/v2\/pages\/3674\/revisions"}],"predecessor-version":[{"id":3678,"href":"http:\/\/www.westbahn-united.at\/index.php?rest_route=\/wp\/v2\/pages\/3674\/revisions\/3678"}],"wp:attachment":[{"href":"http:\/\/www.westbahn-united.at\/index.php?rest_route=%2Fwp%2Fv2%2Fmedia&parent=3674"}],"curies":[{"name":"wp","href":"https:\/\/api.w.org\/{rel}","templated":true}]}}