{"id":3682,"date":"2017-12-04T21:19:37","date_gmt":"2017-12-04T20:19:37","guid":{"rendered":"http:\/\/www.westbahn-united.at\/?page_id=3682"},"modified":"2017-12-04T21:26:50","modified_gmt":"2017-12-04T20:26:50","slug":"spielbericht-wbu-fc-minus-null-tgm-7-11-2017","status":"publish","type":"page","link":"http:\/\/www.westbahn-united.at\/?page_id=3682","title":{"rendered":"Spielbericht WBU &#8211; FC Minus Null, TGM, 7.11.2017"},"content":{"rendered":"\n<style type=\"text\/css\" data-created_by=\"avia_inline_auto\" id=\"style-css-av-av_two_third-9497bbf8bff73ea4c6992cc17fa9ec36\">\n.flex_column.av-av_two_third-9497bbf8bff73ea4c6992cc17fa9ec36{\nborder-radius:0px 0px 0px 0px;\npadding:0px 0px 0px 0px;\n}\n<\/style>\n<div  class='flex_column av-av_two_third-9497bbf8bff73ea4c6992cc17fa9ec36 av_two_third  avia-builder-el-0  el_before_av_one_third  avia-builder-el-first  first flex_column_div av-zero-column-padding  '     ><section  class='av_textblock_section av-av_textblock-396ddf1f42196ca838231e61a4602801 '   itemscope=\"itemscope\" itemtype=\"https:\/\/schema.org\/CreativeWork\" ><div class='avia_textblock'  itemprop=\"text\" ><p><strong>Spielbericht:<\/strong><\/p>\n<p>Am Dienstag, 07.11.2017 ereignete sich in der Sporthalle des TGM wahrhaft Historisches: Westbahn United feierte den h\u00f6chsten Sieg in seiner Vereinsgeschichte! Immerhin hat der Verein seit dem Jahr 2002 mehr als 70 L\u00e4nderspiele bestritten \u2013 einen Sieg mit mehr als 10 Toren Vorsprung hat es dabei aber noch nie gegeben! (bisherige h\u00f6chste Siege \u2013 ausgenommen das Match gegen die Damen der Wiener Victoria am 31.03.2008, f\u00fcr das kein genaues Endergebnis dokumentiert ist \u2013 mit jeweils 9 Toren Vorsprung: 11:2 gegen den KSV am 21.03.2006 und 16:7 gegen Lokomotive Ballhausplatz am 11.11.2015).<br \/>\nDabei hat der Tag gar nicht gut begonnen: eine Absagenflut lies kurzfristig Schlimmes bef\u00fcrchten, als nur noch 6 Spieler \u2013 2 davon angeschlagen \u2013 zur Verf\u00fcgung standen, w\u00e4hrend der Gegner \u00fcber 2 komplette Vierer-Garnituren plus Tormann verf\u00fcgte\u2026Auf Grund der emsigen Bem\u00fchungen von Gerald Scharon, der den diesmal verletzungsbedingt fehlenden L\u00e4nderspielorganisator Edi Galler vertrat, gelang es aber schlie\u00dflich doch, bis zum Anpfiff eine schlagkr\u00e4ftige Truppe bestehend aus insgesamt 10 SpielerInnen auf die Beine zu stellen. Beinahe schon \u201ezum Gl\u00fcck\u201c musste das gleichzeitig angesetzte Training in der Zinckgasse abgesagt werden, was dazu f\u00fchrte, dass 3 weitere SpielerInnen im TGM auflaufen konnten.<\/p>\n<p>Der Spielverlauf gestaltete sich f\u00fcr Westbahn United durchaus nicht ungl\u00fccklich, da zu Beginn der Gegner bessere Chancen vorfand und einige Male auch nur an der Torstange bzw. am \u00fcberragenden Guy Ndongala im Tor scheiterte. Nach dem erl\u00f6senden 1:0 durch Martin Thenmayer nahm das Spiel von Westbahn United aber geh\u00f6rig Fahrt auf. Tor um Tor gelang, w\u00e4hrend der Gegner stets an unserer kompakten Abwehr oder an unserem Goalie scheiterte. Erst mit dem Pausenpfiff nach 40 Minuten konnte der Gegner erstmals \u201eanschreiben\u201c (zum 1:7) \u2013 bezeichnender Weise durch ein ungl\u00fcckliches Eigentor von WBU. Nach dem Seitenwechsel verlief das Spiel zun\u00e4chst ausgeglichen (bis zum 10:3), w\u00e4hrend die Schlussphase wieder eindeutig WBU geh\u00f6rte. So konnten nach dem letzten Spielerwechsel in den letzten 8 Spielminuten noch weitere 5 Tore erzielt werden, darunter ein lupenreiner Hattrick (inklusive Kopfballtor) von Gastspieler Schadrak.<\/p>\n<p>Bemerkenswert ist auch, dass mit Reinhard Klang, Gottfried Schl\u00f6glhofer und Georg Mayrhofer (diesmal allerdings als Gegner) 3 Spieler auf dem Parkett standen, die schon beim allerersten L\u00e4ndermatch am 16.12.2002 (gegen den Rechnungshof) dabei waren!<\/p>\n<p>Dank geb\u00fchrt auch unserem einzigen Fan Christa Bermann, die uns nicht nur lautstark anfeuerte, sondern auch die Spielstatistik f\u00fchrte.<br \/>\nGemeinsam mit unseren \u2013 sehr fairen, aber nat\u00fcrlich entt\u00e4uschten &#8211; Gegnern lie\u00dfen wir den Abend im Gasthaus \u201eProhaska\u201c ausklingen.<\/p>\n<\/div><\/section><\/div>\n\n<style type=\"text\/css\" data-created_by=\"avia_inline_auto\" id=\"style-css-av-av_one_third-9c1d454dc06f7247226bc4e8f931daae\">\n.flex_column.av-av_one_third-9c1d454dc06f7247226bc4e8f931daae{\nborder-radius:0px 0px 0px 0px;\npadding:0px 0px 0px 0px;\n}\n<\/style>\n<div  class='flex_column av-av_one_third-9c1d454dc06f7247226bc4e8f931daae av_one_third  avia-builder-el-2  el_after_av_two_third  avia-builder-el-last  flex_column_div av-zero-column-padding  '     ><p><section  class='av_textblock_section av-av_textblock-396ddf1f42196ca838231e61a4602801 '   itemscope=\"itemscope\" itemtype=\"https:\/\/schema.org\/CreativeWork\" ><div class='avia_textblock'  itemprop=\"text\" ><p>Die <strong>Aufstellung von WBU<\/strong>:<\/p>\n<div>\n<p><strong>Tor:<\/strong> Guy Ndongala<br \/>\n<strong>Feld:<\/strong> Alexander Egger (1), J\u00fcrgen Friedrichs (2), Reinhard Klang, Peter Koller (5), Michaela Pazour (1), Gerald Scharon (1), Gottfried Schl\u00f6glhofer, Martin Thenmayer (1), Gastspieler Schadrak (5)<\/p>\n<\/div>\n<\/div><\/section><br \/>\n<div id='av-masonry-1' class='av-masonry av-av_masonry_gallery-08950bec9ef7b2e29ddf1cef2ab6ac39 noHover av-flex-size av-large-gap av-hover-overlay-active av-masonry-animation-active av-masonry-col-flexible av-caption-always av-caption-style- av-masonry-gallery ' data-post_id=\"3682\"><div class=\"av-masonry-container isotope av-js-disabled\"><div class='av-masonry-entry isotope-item av-masonry-item-no-image '><\/div><a href=\"http:\/\/www.westbahn-united.at\/wp-content\/uploads\/2017\/12\/wbu.jpg\"  aria-label=\"image wbu\"  id='av-masonry-1-item-3687' data-av-masonry-item='3687' class='av-masonry-entry isotope-item post-3687 attachment type-attachment status-inherit hentry  av-masonry-item-with-image' title=\"wbu\" alt=\"\"    itemprop=\"thumbnailUrl\" ><div class='av-inner-masonry-sizer'><\/div><figure class='av-inner-masonry main_color'><div class=\"av-masonry-outerimage-container\"><div class='av-masonry-image-container'  ><img decoding=\"async\" width=\"705\" height=\"529\" fetchpriority=\"high\" class=\"wp-image-3687 avia-img-lazy-loading-not-3687\"  src=\"http:\/\/www.westbahn-united.at\/wp-content\/uploads\/2017\/12\/wbu-705x529.jpg\" title=\"wbu\" alt=\"\" srcset=\"http:\/\/www.westbahn-united.at\/wp-content\/uploads\/2017\/12\/wbu-705x529.jpg 705w, http:\/\/www.westbahn-united.at\/wp-content\/uploads\/2017\/12\/wbu-300x225.jpg 300w, http:\/\/www.westbahn-united.at\/wp-content\/uploads\/2017\/12\/wbu-768x576.jpg 768w, http:\/\/www.westbahn-united.at\/wp-content\/uploads\/2017\/12\/wbu-450x338.jpg 450w, http:\/\/www.westbahn-united.at\/wp-content\/uploads\/2017\/12\/wbu.jpg 1024w\" sizes=\"(max-width: 705px) 100vw, 705px\" \/><\/div><\/div><\/figure><\/a><!--end av-masonry entry--><\/div><\/div><\/p><\/div>\n","protected":false},"excerpt":{"rendered":"","protected":false},"author":1,"featured_media":0,"parent":0,"menu_order":0,"comment_status":"closed","ping_status":"closed","template":"","meta":{"footnotes":""},"class_list":["post-3682","page","type-page","status-publish","hentry"],"_links":{"self":[{"href":"http:\/\/www.westbahn-united.at\/index.php?rest_route=\/wp\/v2\/pages\/3682","targetHints":{"allow":["GET"]}}],"collection":[{"href":"http:\/\/www.westbahn-united.at\/index.php?rest_route=\/wp\/v2\/pages"}],"about":[{"href":"http:\/\/www.westbahn-united.at\/index.php?rest_route=\/wp\/v2\/types\/page"}],"author":[{"embeddable":true,"href":"http:\/\/www.westbahn-united.at\/index.php?rest_route=\/wp\/v2\/users\/1"}],"replies":[{"embeddable":true,"href":"http:\/\/www.westbahn-united.at\/index.php?rest_route=%2Fwp%2Fv2%2Fcomments&post=3682"}],"version-history":[{"count":6,"href":"http:\/\/www.westbahn-united.at\/index.php?rest_route=\/wp\/v2\/pages\/3682\/revisions"}],"predecessor-version":[{"id":3690,"href":"http:\/\/www.westbahn-united.at\/index.php?rest_route=\/wp\/v2\/pages\/3682\/revisions\/3690"}],"wp:attachment":[{"href":"http:\/\/www.westbahn-united.at\/index.php?rest_route=%2Fwp%2Fv2%2Fmedia&parent=3682"}],"curies":[{"name":"wp","href":"https:\/\/api.w.org\/{rel}","templated":true}]}}