{"id":3692,"date":"2018-02-22T11:29:36","date_gmt":"2018-02-22T10:29:36","guid":{"rendered":"http:\/\/www.westbahn-united.at\/?page_id=3692"},"modified":"2018-02-22T11:29:36","modified_gmt":"2018-02-22T10:29:36","slug":"spielbericht-wbu-fc-minus-null-tgm-7-11-2017-2","status":"publish","type":"page","link":"http:\/\/www.westbahn-united.at\/?page_id=3692","title":{"rendered":"Spielbericht WBU &#8211; FC Minus Null, TGM, 30.1.2018"},"content":{"rendered":"\n<style type=\"text\/css\" data-created_by=\"avia_inline_auto\" id=\"style-css-av-av_two_third-9497bbf8bff73ea4c6992cc17fa9ec36\">\n.flex_column.av-av_two_third-9497bbf8bff73ea4c6992cc17fa9ec36{\nborder-radius:0px 0px 0px 0px;\npadding:0px 0px 0px 0px;\n}\n<\/style>\n<div  class='flex_column av-av_two_third-9497bbf8bff73ea4c6992cc17fa9ec36 av_two_third  avia-builder-el-0  el_before_av_one_third  avia-builder-el-first  first flex_column_div av-zero-column-padding  '     ><section  class='av_textblock_section av-av_textblock-2de302bf1aa3cf4c9157dbe6f50ac7eb '   itemscope=\"itemscope\" itemtype=\"https:\/\/schema.org\/CreativeWork\" ><div class='avia_textblock'  itemprop=\"text\" ><p><strong>Spielbericht:<\/strong><\/p>\n<p>Traditionell geht kurz vor Faschingsbeginn das Match im Technologischen Gewerbemuseum (TGM) \u00fcber die B\u00fchne. Beide Mannschaften bieten zwei volle Bl\u00f6cke auf, WBU nimmt sogar einen Wechselspieler mit. Die Karten sind folglich gleich verteilt und sicherlich nicht gezinkt: Der FC Minus Null ist ein sehr fairer Gegner. Doch die Westbahn ben\u00f6tigt zwei Dutzend Minuten, um geh\u00f6rig Fahrt aufzunehmen. Edi gelingt beim Stand von 0:2 (bereits nach drei Minuten musste WBU einem R\u00fcckstand hinterherlaufen), nach eleganter Vorlage von Scharon einen satten Schuss im linken Eck des Gastgeber\u2013Geh\u00e4uses unterzubringen (22\u2018). Wenig sp\u00e4ter legt Gerald nach (25\u2018) und markiert das vorl\u00e4ufige Unentschieden. Das ausgleichende Momentum h\u00e4lt f\u00fcr die verbleibende Halbzeit: Das zwischenzeitliche 2:3 (38\u2018) wird durch \u201eDoppelpack\u201c-Edi egalisiert, Gottfried sorgt aus der Distanz gar f\u00fcr die F\u00fchrung der G\u00e4ste (43\u2018) aus der Zinckgasse. Nur bitter, dass im Handumdrehen trotz gut aufgelegten Schlussmanns Dani der Ausgleich der GastgeberInnen erzielt wird (44\u2018).<\/p>\n<p>Ver\u00e4nderte Verh\u00e4ltnisse nach Beginn der zweiten Halbzeit: Frisch und munter, wie man das nur von einem gut gef\u00fchrten TGM bef\u00fcrchten muss, legt der FC Minus Null eine Stange an Toren vor. Im Gegensatz zu vor einem Jahr geh\u00f6rt die Zeit nach Wiederanpfiff eindeutig den GastgeberInnen, die einer an Kohlennachschub leidenden Westbahn-Lok umgehend mit drei Treffern einschenkt (das 4:7 f\u00e4llt in Min. 50). Mit wenig Elan dann auch der G\u00e4steauftritt in den folgenden zwanzig Minuten \u2013 es spielt nur die Gegenmannschaft, und das ziemlich locker (4:8, 54\u2018 und 4:9, 59\u2018). Im darauffolgenden Zehnerminutenblock wird die F\u00fchrung verwaltet, doch dann zeigen die G\u00e4ste, dass sie noch nicht aufgegeben haben: Kajetan beendet in munterem Gestochere vor dem G\u00e4ste-Tor die \u00fcber eine halbe Stunde andauernde Durststrecke (74\u2018), wenige Minuten sp\u00e4ter darf auch WBU-Kapit\u00e4n Gottfried seinen Doppelpack schn\u00fcren (79\u2018). Es steht nun 6:9 und das n\u00e4chste Tor durch Gerald (81\u2018) verleiht dem Spiel wieder Spannung. Leider w\u00e4hrt diese nur kurz, denn in Minute 82 macht der FC Minus Null die Zweistelligkeit perfekt. Zwei weitere Tore ergeben das volle Dutzend, ein Trostpflaster bleiben das Hattrick-Tor von Gerald (87\u2018) und jedenfalls der gemeinsame Ausklang im \u201eProhaska\u201c (tschechisch f\u00fcr: Spaziergang), wo das Kr\u00fcgerl wieder gemundet hat.<\/p>\n<\/div><\/section><\/div>\n<style type=\"text\/css\" data-created_by=\"avia_inline_auto\" id=\"style-css-av-av_one_third-9c1d454dc06f7247226bc4e8f931daae\">\n.flex_column.av-av_one_third-9c1d454dc06f7247226bc4e8f931daae{\nborder-radius:0px 0px 0px 0px;\npadding:0px 0px 0px 0px;\n}\n<\/style>\n<div  class='flex_column av-av_one_third-9c1d454dc06f7247226bc4e8f931daae av_one_third  avia-builder-el-2  el_after_av_two_third  avia-builder-el-last  flex_column_div av-zero-column-padding  '     ><section  class='av_textblock_section av-av_textblock-2de302bf1aa3cf4c9157dbe6f50ac7eb '   itemscope=\"itemscope\" itemtype=\"https:\/\/schema.org\/CreativeWork\" ><div class='avia_textblock'  itemprop=\"text\" ><p>Die <strong>Aufstellung von WBU<\/strong>:<\/p>\n<div>\n<p><strong>Tor:<\/strong> Dani Ndungu<br \/>\n<strong>Feld: <\/strong>Gottfried Schl\u00f6glhofer (2), Eduard Galler (2), Gerald Scharon (3), Guy Ndongala \/ Alexander Egger; Reinhard Klang, Simon Egger, Manuela Seidl, Kajetan Stransky-Can (1).<\/p>\n<\/div>\n<\/div><\/section><\/div><\/p>\n","protected":false},"excerpt":{"rendered":"","protected":false},"author":1,"featured_media":0,"parent":0,"menu_order":0,"comment_status":"closed","ping_status":"closed","template":"","meta":{"footnotes":""},"class_list":["post-3692","page","type-page","status-publish","hentry"],"_links":{"self":[{"href":"http:\/\/www.westbahn-united.at\/index.php?rest_route=\/wp\/v2\/pages\/3692","targetHints":{"allow":["GET"]}}],"collection":[{"href":"http:\/\/www.westbahn-united.at\/index.php?rest_route=\/wp\/v2\/pages"}],"about":[{"href":"http:\/\/www.westbahn-united.at\/index.php?rest_route=\/wp\/v2\/types\/page"}],"author":[{"embeddable":true,"href":"http:\/\/www.westbahn-united.at\/index.php?rest_route=\/wp\/v2\/users\/1"}],"replies":[{"embeddable":true,"href":"http:\/\/www.westbahn-united.at\/index.php?rest_route=%2Fwp%2Fv2%2Fcomments&post=3692"}],"version-history":[{"count":1,"href":"http:\/\/www.westbahn-united.at\/index.php?rest_route=\/wp\/v2\/pages\/3692\/revisions"}],"predecessor-version":[{"id":3693,"href":"http:\/\/www.westbahn-united.at\/index.php?rest_route=\/wp\/v2\/pages\/3692\/revisions\/3693"}],"wp:attachment":[{"href":"http:\/\/www.westbahn-united.at\/index.php?rest_route=%2Fwp%2Fv2%2Fmedia&parent=3692"}],"curies":[{"name":"wp","href":"https:\/\/api.w.org\/{rel}","templated":true}]}}