{"id":3698,"date":"2018-05-13T22:33:14","date_gmt":"2018-05-13T20:33:14","guid":{"rendered":"http:\/\/www.westbahn-united.at\/?page_id=3698"},"modified":"2018-05-13T22:34:33","modified_gmt":"2018-05-13T20:34:33","slug":"spielbericht-wbu-fc-minus-null-tgm-7-11-2017-2-2","status":"publish","type":"page","link":"http:\/\/www.westbahn-united.at\/?page_id=3698","title":{"rendered":"Spielbericht \u00d6AW &#8211; WBU, 5.4.2018, Auf der Schmelz"},"content":{"rendered":"\n<style type=\"text\/css\" data-created_by=\"avia_inline_auto\" id=\"style-css-av-av_two_third-9497bbf8bff73ea4c6992cc17fa9ec36\">\n.flex_column.av-av_two_third-9497bbf8bff73ea4c6992cc17fa9ec36{\nborder-radius:0px 0px 0px 0px;\npadding:0px 0px 0px 0px;\n}\n<\/style>\n<div  class='flex_column av-av_two_third-9497bbf8bff73ea4c6992cc17fa9ec36 av_two_third  avia-builder-el-0  el_before_av_one_third  avia-builder-el-first  first flex_column_div av-zero-column-padding  '     ><section  class='av_textblock_section av-av_textblock-2de302bf1aa3cf4c9157dbe6f50ac7eb '   itemscope=\"itemscope\" itemtype=\"https:\/\/schema.org\/CreativeWork\" ><div class='avia_textblock'  itemprop=\"text\" ><p><strong>Spielbericht:<\/strong><\/p>\n<p>Einige Westbahn-Spieler k\u00f6nnen sich beim Besuch der USI-Spielst\u00e4tte an die Vorbereitungen fr\u00fcherer L\u00e4nderspiel-Eins\u00e4tze erinnern: Da war etwa das Einspielen f\u00fcr den Einsatz der BMWFW-Abteilung gegen das BMBF, welcher dann mit einem klaren Sieg geendet hatte. Doch um auf das USI zur\u00fcckzukommen: Etwas mehr Publikum h\u00e4tten wir uns schon erwartet \u2013 wenigstens sind die winzigen Ballbuben flei\u00dfig, die alle B\u00e4lle (des Gegners: \u00d6sterreichische Akademie der Wissenschaften), welche auf der Trib\u00fcne landeten, stets prompt retournieren.<\/p>\n<p>Zum Spiel: Der Kennenlernphase beider Teams ist f\u00fcr unseres durch Christoph (2\u2018) ein rasches Ende gesetzt. Nach etwas mehr als der doppelten Zeit setzen sich die \u2013 nach (emeritierten) Wissenschaftlern (vermutlich waren es tats\u00e4chlich nur M\u00e4nner :-\/) benannten \u2013 \u00d6AW-Kicker zum ersten Mal vor dem von Guy gl\u00e4nzend geh\u00fcteten Geh\u00e4use durch und erzielen den Ausgleich (5\u2018). Die erste Reihe von Westbahn-United kassiert kurz vor ihrer Auswechslung in der zehnten Minute einen weiteren Treffer. Doch die zweite Reihe von Westbahn l\u00e4sst keine Anzeichen von Nervosit\u00e4t aufkommen: Mit dem Ausgleich in Minute 18 durch Gerald ist mit 2:2 wieder Parit\u00e4t hergestellt. Kurz darauf gelingt der Akademie erneut der F\u00fchrungstreffer (19\u2018), womit sich das Team aus der Innenstadt f\u00fcr weitere zehn Minuten zufrieden gibt. Da uns leider in dieser Phase auch nichts einf\u00e4llt, m\u00fcssen wir in Minute 30 das 2:4 einstecken. Ein Geistesblitz von Gerald, der sich im gegnerischen Strafraum nach hektischem Stochern durchsetzt (34\u2018), l\u00e4sst das Momentum wieder auf Westbahn-Seite umschwenken (da beide Teams im f\u00fcnf gegen f\u00fcnf mit zwei immer wieder regenerierenden Reihen repr\u00e4sentiert sind, entf\u00e4llt die Halbzeitpause).<\/p>\n<p>Das harmonierende \u00d6AW-Team kann sich in dieser kritischen Spielphase jedoch behaupten, legt sogar zum 3:5 nach (44\u2018). Ein fataler Mangel an Kohlenachschub ereilt die Westbahn in den Minuten 46 und 50, in denen Tormann Guy jeweils hinter sich fassen muss. Doch eine Eisenbahn ist kein Postamt, an dem man aufgibt \u2013 in diesem Sinne kommen wir dank Simon (58\u2018) und Gerald (60\u2018, zum Dritten), dem man die mangelnde Spielpraxis nicht anmerkt, auf 5:7 heran. Einer kurzen Ruhephase folgt das achte Tor f\u00fcr die Akademie in Minute 68, dem in einer packenden Schlussphase Martins (72\u2018) und Christophs (zweites Tor, 73\u2018) Treffer folgen. In diesem Spielabschnitt vergisst die inzwischen unruhig laufende Westbahn auf ihre M\u00f6glichkeit, die beiden Reihen \u201edurchzuwechseln\u201c, und kann daher am Ende ihrer Fahrt keine entscheidenden Impulse mehr setzen. Scheinbar verstehen sich Wissenschaftler auch auf das Verwalten, zu dem Westbahn-United in dieser Partie leider viel zu selten die Gelegenheit hatte.<\/p>\n<\/div><\/section><\/div>\n\n<style type=\"text\/css\" data-created_by=\"avia_inline_auto\" id=\"style-css-av-av_one_third-9c1d454dc06f7247226bc4e8f931daae\">\n.flex_column.av-av_one_third-9c1d454dc06f7247226bc4e8f931daae{\nborder-radius:0px 0px 0px 0px;\npadding:0px 0px 0px 0px;\n}\n<\/style>\n<div  class='flex_column av-av_one_third-9c1d454dc06f7247226bc4e8f931daae av_one_third  avia-builder-el-2  el_after_av_two_third  avia-builder-el-last  flex_column_div av-zero-column-padding  '     ><style type=\"text\/css\" data-created_by=\"avia_inline_auto\" id=\"style-css-av-av_image-660eb50367c80956c3fbb5d069cadc03\">\n.avia-image-container.av-av_image-660eb50367c80956c3fbb5d069cadc03 img.avia_image{\nbox-shadow:none;\n}\n.avia-image-container.av-av_image-660eb50367c80956c3fbb5d069cadc03 .av-image-caption-overlay-center{\ncolor:#ffffff;\n}\n<\/style>\n<div  class='avia-image-container av-av_image-660eb50367c80956c3fbb5d069cadc03 av-styling- av-img-linked avia-align-center  avia-builder-el-3  avia-builder-el-no-sibling '   itemprop=\"image\" itemscope=\"itemscope\" itemtype=\"https:\/\/schema.org\/ImageObject\" ><div class=\"avia-image-container-inner\"><div class=\"avia-image-overlay-wrap\"><a href=\"http:\/\/www.westbahn-united.at\/wp-content\/uploads\/2018\/05\/wbu_oeaw.jpg\" class='avia_image '  aria-label='wbu_oeaw'><img fetchpriority=\"high\" class='wp-image-3699 avia-img-lazy-loading-not-3699 avia_image ' src='http:\/\/www.westbahn-united.at\/wp-content\/uploads\/2018\/05\/wbu_oeaw-300x168.jpg' alt='' title='wbu_oeaw'  height=\"168\" width=\"300\"  itemprop=\"thumbnailUrl\"  \/><\/a><\/div><\/div><\/div><\/div>\n","protected":false},"excerpt":{"rendered":"","protected":false},"author":1,"featured_media":0,"parent":0,"menu_order":0,"comment_status":"closed","ping_status":"closed","template":"","meta":{"footnotes":""},"class_list":["post-3698","page","type-page","status-publish","hentry"],"_links":{"self":[{"href":"http:\/\/www.westbahn-united.at\/index.php?rest_route=\/wp\/v2\/pages\/3698","targetHints":{"allow":["GET"]}}],"collection":[{"href":"http:\/\/www.westbahn-united.at\/index.php?rest_route=\/wp\/v2\/pages"}],"about":[{"href":"http:\/\/www.westbahn-united.at\/index.php?rest_route=\/wp\/v2\/types\/page"}],"author":[{"embeddable":true,"href":"http:\/\/www.westbahn-united.at\/index.php?rest_route=\/wp\/v2\/users\/1"}],"replies":[{"embeddable":true,"href":"http:\/\/www.westbahn-united.at\/index.php?rest_route=%2Fwp%2Fv2%2Fcomments&post=3698"}],"version-history":[{"count":2,"href":"http:\/\/www.westbahn-united.at\/index.php?rest_route=\/wp\/v2\/pages\/3698\/revisions"}],"predecessor-version":[{"id":3702,"href":"http:\/\/www.westbahn-united.at\/index.php?rest_route=\/wp\/v2\/pages\/3698\/revisions\/3702"}],"wp:attachment":[{"href":"http:\/\/www.westbahn-united.at\/index.php?rest_route=%2Fwp%2Fv2%2Fmedia&parent=3698"}],"curies":[{"name":"wp","href":"https:\/\/api.w.org\/{rel}","templated":true}]}}