{"id":3346,"date":"2016-02-27T22:33:00","date_gmt":"2016-02-27T21:33:00","guid":{"rendered":"http:\/\/www.westbahn-united.at\/?page_id=3346"},"modified":"2016-11-17T10:12:15","modified_gmt":"2016-11-17T09:12:15","slug":"geschichte","status":"publish","type":"page","link":"https:\/\/www.westbahn-united.at\/?page_id=3346","title":{"rendered":"Geschichte"},"content":{"rendered":"\n<style type=\"text\/css\" data-created_by=\"avia_inline_auto\" id=\"style-css-av-av_two_third-9497bbf8bff73ea4c6992cc17fa9ec36\">\n.flex_column.av-av_two_third-9497bbf8bff73ea4c6992cc17fa9ec36{\nborder-radius:0px 0px 0px 0px;\npadding:0px 0px 0px 0px;\n}\n<\/style>\n<div  class='flex_column av-av_two_third-9497bbf8bff73ea4c6992cc17fa9ec36 av_two_third  avia-builder-el-0  el_before_av_one_third  avia-builder-el-first  first flex_column_div av-zero-column-padding  '     ><section  class='av_textblock_section av-av_textblock-0366cc7376be6c9e82a3e9cc8987b64f '   itemscope=\"itemscope\" itemtype=\"https:\/\/schema.org\/CreativeWork\" ><div class='avia_textblock'  itemprop=\"text\" ><h3>Westbahn United &#8211; ein R\u00fcckblick<\/h3>\n<p>Die Urspr\u00fcnge des Vorg\u00e4ngervereins von Westbahn United (= \u201eAmtsfu\u00dfballklub der Studienbeihilfenbeh\u00f6rde&#8221;) gehen zur\u00fcck bis in das Jahr 1996. Im Fr\u00fchjahr des Jahres 1996 beschlossen einige damalige Mitarbeiter der Studienbeihilfenbeh\u00f6rde, sich zu einem regelm\u00e4\u00dfigen, gemeinsamen Fu\u00dfballspiel zu treffen. Da ein Gr\u00fcndungsmitglied den damaligen Direktor der Schule in der Zinckgasse im 15. Bezirk pers\u00f6nlich kannte, war die gr\u00f6\u00dfte H\u00fcrde \u2013 n\u00e4mlich die Suche nach einem geeigneten Spielort &#8211; rasch \u00fcberwunden, und auch auf den Termin &#8211; jeweils dienstags 17.00 Uhr &#8211; konnte man sich rasch einigen. Der allererste Fu\u00dfball-Termin d\u00fcrfte somit wahrscheinlich am ersten Dienstag des Schuljahres 1996\/97, demnach am Dienstag, 10.09.1996, stattgefunden haben. Der Dienstag-17-Uhr-Termin war \u201eoffiziell\u201c f\u00fcr den Elternverein der Schule reserviert, da dieser aber nie stattfind, konnten wir die entstandene Nische f\u00fcr unsere Zwecke n\u00fctzen!<\/p>\n<p>Interessant ist, dass die Hallennutzung zun\u00e4chst nur jede zweite Woche vereinbart worden war (falls der Elternverein doch auch gelegentlich sporteln wollte\u2026), und dass zu Beginn festgelegt worden war, dass nicht nur Fu\u00dfball (vor allem f\u00fcr die M\u00e4nner), sondern an manchen Terminen auch Volleyball (vor allem f\u00fcr die Damen) gespielt werden sollte. Nach den Erinnerungen des Verfassers dieses Berichtes ist es aber tats\u00e4chlich zu keinem einzigen Volleyballtermin gekommen\u2026<br \/>\nNennenswert erscheint auch, dass an den im 14-Tagesrhythmus stattfindenden \u201eFu\u00dfballterminen\u201c anfangs auch Frauen teilgenommen haben, und dass nicht immer nur Fu\u00dfball, sondern fallweise auch Basketball (!) gespielt wurde.<\/p>\n<p>Nachdem im ersten Jahr 1996\/97 die Fu\u00dfballtermine noch regelm\u00e4\u00dfig stattgefunden hatten, lie\u00df die Begeisterung im darauffolgenden Jahr 1997\/98 merklich nach, sodass vor allem im Sommersemester kaum mehr Termine abgehalten werden konnten, weil es zu wenige Anmeldungen gab. Es war daher intern bereits beschlossene Sache, dass man den Spielbetrieb im Jahr 1998\/99 nicht mehr fortsetzen w\u00fcrde, um sich die \u2013 mit 200 Schilling pro Jahr ohnehin sehr niedrige Hallenmiete \u2013 zu ersparen, als im Fr\u00fchjahr 1998 ein in der Abteilung f\u00fcr Studienf\u00f6rderung t\u00e4tiger Bediensteter des Wissenschaftsministeriums, anfragte, ob es denn den Fu\u00dfballverein der Studienbeihilfenbeh\u00f6rde noch geben w\u00fcrde. Er und einige weitere Bedienstete des Ministeriums w\u00fcrden sich n\u00e4mlich gerne dem Verein anschlie\u00dfen. Somit war \u2013 gerade noch rechtzeitig &#8211; der Fortbestand des Vereins gerettet und die Vereinsaufl\u00f6sung mangels Interesse am Fu\u00dfballgeschehen fortan bis heute kein Thema mehr! Auf Grund der steigenden Nachfrage wurde nunmehr auch auf den Wochenrhythmus umgestellt und an jedem Dienstag \u2013 au\u00dfer in der unterrichtsfreien Zeit \u2013 gekickt.<\/p>\n<p>Im Laufe der Jahre schlossen sich immer mehr Spieler dem Verein an, wobei die meisten davon im Wissenschaftsministerium t\u00e4tig sind\/waren. Spielabsagen wegen zu geringer Teilnehmerzahl waren fast kaum mehr notwendig, und auch die Dauer der Veranstaltung wurde sukzessive verl\u00e4ngert, sodass derzeit fast immer durchgehend die volle Zeit von 17.00 bis 19.30 Uhr ausgesch\u00f6pft wird.<\/p>\n<p>Ein Meilenstein in der Vereinsgeschichte war sicherlich der 16.12.2002. An diesem Tag fand n\u00e4mlich das erste \u201eL\u00e4nderspiel\u201c des Vereins gegen einen externen Gegner (Rechnungshof) statt. Dass aller Anfang schwer ist zeigte sich auch darin, dass das Spiel 8:12 verloren ging\u2026In der Folge entwickelte sich eine rege \u201eL\u00e4nderspielt\u00e4tigkeit\u201c, sodass pro Saison ca. 6 \u2013 7 solcher Kr\u00e4ftemessen mit externen Gegnern stattfinden. Zu den regelm\u00e4\u00dfigen Gegnern z\u00e4hlen bzw. z\u00e4hlten der Kultur- und Sportverein des Wissenschaftsministeriums (KSV), der Verwaltungsgerichtshof, die TU-Legenden, der FC Minus Null und seit kurzem Lokomotive Ballhausplatz.<\/p>\n<p>W\u00e4hrend die ersten L\u00e4nderspiele noch in geborgten Dressen absolviert werden mussten, konnte im Jahr 2003 erstmals ein Sponsor f\u00fcr eigene Dressen (damals noch der Studienbeihilfenbeh\u00f6rde) gewonnen werden. Nicht ganz zuf\u00e4llig wurden die Trikotfarben Gr\u00fcn und Wei\u00df gew\u00e4hlt\u2026<\/p>\n<p>Seit der Spielzeit 2004\/05 wird auch regelm\u00e4\u00dfig \u00fcber die Teilnahmen am Training in der Zinckgasse Buch gef\u00fchrt. Bis Ende des Kalenderjahres 2015 brachten es immerhin 8 Spieler auf jeweils mehr als 200 Teilnahmen, wobei Alexander Egger mit 280 Teilnahmen der aktuelle Spitzenreiter ist. J\u00e4hrlich wird auch das \u201eVerschwitzte Trikot\u201c an den Spieler (symbolisch) \u00fcberreicht, der in der abgelaufenen Saison die meisten Teilnahmen nachweisen konnte. Bisherige Tr\u00e4ger dieses Titels waren: Alexander Egger (3x), J\u00fcrgen Friedrichs, Gerald Scharon, Bernhard Varga (je 2x), Edi Galler und Gottfried Schl\u00f6glhofer.<\/p>\n<p>Nachdem uns die Schulleitung und die Vereinsbeh\u00f6rde schon l\u00e4ngere Zeit nahegelegt hatten, uns doch als ordentlicher Verein zu konstituieren, wurde der 60. Geburtstag unseres Ehrenobmanns Franz Bogulak zum Anlass genommen, die \u201eoffizielle\u201c Vereinsgr\u00fcndung auch tats\u00e4chlich anzupacken. Die Vereinsgr\u00fcndungssitzung fand am 03.11.2009 im Pulkautaler Weinhaus statt, wobei Gottfried Schl\u00f6glhofer zum ersten Obmann gew\u00e4hlt wurde. Der Eintrag in das Vereinsregister und damit die offizielle Vereinsgr\u00fcndung erfolgten am 29.12.2009. Dass das Ganze so schnell geklappt hat ist vor allem Heribert Wulz, der die Vereinsgr\u00fcndung juristisch \u201eauf Schiene\u201c brachte, zu danken! Im Zuge der Vereinsgr\u00fcndung wurde auch der Vereinsname auf \u201eFC Westbahn United\u201c (in Anlehnung an die N\u00e4he des Spielortes zum Westbahnhof) ge\u00e4ndert.<\/p>\n<p>Im Jahr 2010 konnten auch neue Vereinsdressen lukriert werden, wof\u00fcr ebenfalls wieder Heribert Wulz \u201ehauptverantwortlich\u201c gewesen ist. In Anlehnung an die Vereinsfarben des \u00e4hnlich klingenden englischen Traditionsvereins Westham United wurden die Dressenfarben Hellblau und Weinrot gew\u00e4hlt.<\/p>\n<p>F\u00fcr das neu geschaffene Vereinsloge, das die Dressen ziert, sowie f\u00fcr den Vereinsauftritt im Internet zeichnet Stefan Pinczolits verantwortlich.<\/p>\n<p>W\u00e4hrend die Vereinsgr\u00fcndungssitzung im Jahr 2009 noch im Pulkautaler Weinhaus stattgefunden hatte, wurde im Jahr 2010 eine Fact-Finding-Mission beauftragt, ein neues Vereinslokal zu suchen. F\u00fcndig wurde man im Mariahilferbr\u00e4u, wo seither im Anschluss an das Fu\u00dfballgeschenen auch immer die \u201e3. Halbzeit\u201c stattfindet.<\/p>\n<p>Im Jahr 2011 gr\u00fcndete sich auch eine sehr erfolgreiche Damenmannschaft (2x Sieger des Sektionsturniers des Gesundheitsministeriums!). Mittlerweile wurde die Damenmannschaft wieder aufgel\u00f6st, die 3 im Verein verbliebenen Damen wurden sehr erfolgreich in das Herrenteam integriert.<\/p>\n<p>Im Laufe der Jahre haben viele Spieler am Vereinsgeschehen aktiv teilgenommen, wenngleich von den Gr\u00fcndungsmitgliedern im Jahr 1996 nur noch der derzeitige Vereinsobmann Gottfried Schl\u00f6glhofer dem Verein angeh\u00f6rt. An dieser Stelle soll auch nicht vergessen werden, dass zwei Personen, die sich um den Verein gro\u00dfe Verdienste erworben haben, n\u00e4mlich Ehrenobmann Franz Bogulak und Rainer Wlasak, leider nicht mehr unter uns sind. Der Verein wird ihnen stets ein ehrendes Andenken bewahren!<\/p>\n<p>Der Verein pflegt nat\u00fcrlich in erster Linie das Fu\u00dfballspiel, aber es gibt auch andere gemeinsame Aktivit\u00e4ten: so findet z.B. seit dem Jahr 2007 j\u00e4hrlich eine gemeinsame Fu\u00dfwanderung nach Mariazell statt, und bei Fu\u00dfballgro\u00dfereignissen (Euro, WM) wird im Vorfeld ein Tipp-Gewinnspiel durchgef\u00fchrt. Auch das gemeinsame Anschauen von wichtigen Fu\u00dfballspielen (Euro, WM, CL) und gelegentliche Weinverkostungen erfreuen sich immer gr\u00f6\u00dfter Beliebtheit.<\/p>\n<div>2015\/16 war f\u00fcr FC Westbahn United bereits die 20. Saison seit Bestehen des Vereins (inkl. Vorg\u00e4ngerklub). Aus diesem Anlass fand als H\u00f6hepunkt der Jubil\u00e4umsfeierlichkeiten auch erstmals ein -sehr erfolgreiches &#8211; &#8220;L\u00e4ndermatch&#8221; (inklusive \u00dcbernachtung und gemeinsamem Public-Viewing der Euro 2016) au\u00dferhalb des Gro\u00dfraums Wien, n\u00e4mlich in Aschbach im Mostviertel, statt.<\/div>\n<div><\/div>\n<div>Da die &#8220;alten&#8221; Spieler nach wie vor tatkr\u00e4ftig am Vereinsgeschehen teilnehmen und da mittlerweile auch schon eine zweite Generation an jungen Spielern heranw\u00e4chst, darf zu Recht davon ausgegangen werden, dass f\u00fcr den Verein Westbahn United noch viele weitere Saisonen folgen werden!&#8221;<\/div>\n<\/div><\/section><\/div>\n<style type=\"text\/css\" data-created_by=\"avia_inline_auto\" id=\"style-css-av-av_one_third-9c1d454dc06f7247226bc4e8f931daae\">\n.flex_column.av-av_one_third-9c1d454dc06f7247226bc4e8f931daae{\nborder-radius:0px 0px 0px 0px;\npadding:0px 0px 0px 0px;\n}\n<\/style>\n<div  class='flex_column av-av_one_third-9c1d454dc06f7247226bc4e8f931daae av_one_third  avia-builder-el-2  el_after_av_two_third  avia-builder-el-last  flex_column_div av-zero-column-padding  '     ><style type=\"text\/css\" data-created_by=\"avia_inline_auto\" id=\"style-css-av-av_image-e84524bc5f651772c97f9c0fb11b6aa2\">\n.avia-image-container.av-av_image-e84524bc5f651772c97f9c0fb11b6aa2 img.avia_image{\nbox-shadow:none;\n}\n.avia-image-container.av-av_image-e84524bc5f651772c97f9c0fb11b6aa2 .av-image-caption-overlay-center{\ncolor:#ffffff;\n}\n<\/style>\n<div  class='avia-image-container av-av_image-e84524bc5f651772c97f9c0fb11b6aa2 av-styling- avia-align-center  avia-builder-el-3  avia-builder-el-no-sibling '   itemprop=\"image\" itemscope=\"itemscope\" itemtype=\"https:\/\/schema.org\/ImageObject\" ><div class=\"avia-image-container-inner\"><div class=\"avia-image-overlay-wrap\"><img fetchpriority=\"high\" class='wp-image-3238 avia-img-lazy-loading-not-3238 avia_image ' src='https:\/\/www.westbahn-united.at\/wp-content\/uploads\/2015\/01\/logo_fc_westbahn-300x2841-300x300.png' alt='' title='logo_fc_westbahn-300x284'  height=\"300\" width=\"300\"  itemprop=\"thumbnailUrl\"  \/><\/div><\/div><\/div><\/div><\/p>\n","protected":false},"excerpt":{"rendered":"","protected":false},"author":1,"featured_media":0,"parent":0,"menu_order":0,"comment_status":"closed","ping_status":"closed","template":"","meta":{"footnotes":""},"class_list":["post-3346","page","type-page","status-publish","hentry"],"_links":{"self":[{"href":"https:\/\/www.westbahn-united.at\/index.php?rest_route=\/wp\/v2\/pages\/3346","targetHints":{"allow":["GET"]}}],"collection":[{"href":"https:\/\/www.westbahn-united.at\/index.php?rest_route=\/wp\/v2\/pages"}],"about":[{"href":"https:\/\/www.westbahn-united.at\/index.php?rest_route=\/wp\/v2\/types\/page"}],"author":[{"embeddable":true,"href":"https:\/\/www.westbahn-united.at\/index.php?rest_route=\/wp\/v2\/users\/1"}],"replies":[{"embeddable":true,"href":"https:\/\/www.westbahn-united.at\/index.php?rest_route=%2Fwp%2Fv2%2Fcomments&post=3346"}],"version-history":[{"count":5,"href":"https:\/\/www.westbahn-united.at\/index.php?rest_route=\/wp\/v2\/pages\/3346\/revisions"}],"predecessor-version":[{"id":3449,"href":"https:\/\/www.westbahn-united.at\/index.php?rest_route=\/wp\/v2\/pages\/3346\/revisions\/3449"}],"wp:attachment":[{"href":"https:\/\/www.westbahn-united.at\/index.php?rest_route=%2Fwp%2Fv2%2Fmedia&parent=3346"}],"curies":[{"name":"wp","href":"https:\/\/api.w.org\/{rel}","templated":true}]}}